{"id":3,"date":"2025-01-03T14:51:14","date_gmt":"2025-01-03T17:51:14","guid":{"rendered":"https:\/\/cataluma.com.br\/?page_id=3"},"modified":"2025-01-08T10:47:24","modified_gmt":"2025-01-08T13:47:24","slug":"politica-de-privacidade","status":"publish","type":"page","link":"https:\/\/cataluma.com.br\/?page_id=3","title":{"rendered":"Pol\u00edtica de privacidade"},"content":{"rendered":"\t\t<div data-elementor-type=\"wp-page\" data-elementor-id=\"3\" class=\"elementor elementor-3\" data-elementor-post-type=\"page\">\n\t\t\t\t<div class=\"elementor-element elementor-element-a00f50d e-flex e-con-boxed e-con e-parent\" data-id=\"a00f50d\" data-element_type=\"container\">\n\t\t\t\t\t<div class=\"e-con-inner\">\n\t\t\t\t<div class=\"elementor-element elementor-element-67ddd8a elementor-widget elementor-widget-breadcrumbs\" data-id=\"67ddd8a\" data-element_type=\"widget\" data-widget_type=\"breadcrumbs.default\">\n\t\t\t\t<div class=\"elementor-widget-container\">\n\t\t\t\t\t<p id=\"breadcrumbs\"><span><span><a href=\"https:\/\/cataluma.com.br\/\">In\u00edcio<\/a><\/span><\/span><\/p>\t\t\t\t<\/div>\n\t\t\t\t<\/div>\n\t\t\t\t\t<\/div>\n\t\t\t\t<\/div>\n\t\t<div class=\"elementor-element elementor-element-e769015 e-flex e-con-boxed e-con e-parent\" data-id=\"e769015\" data-element_type=\"container\">\n\t\t\t\t\t<div class=\"e-con-inner\">\n\t\t\t\t<div class=\"elementor-element elementor-element-9cea94f elementor-widget elementor-widget-heading\" data-id=\"9cea94f\" data-element_type=\"widget\" data-widget_type=\"heading.default\">\n\t\t\t\t<div class=\"elementor-widget-container\">\n\t\t\t\t\t<h2 class=\"elementor-heading-title elementor-size-default\">Pol\u00edtica de privacidade<\/h2>\t\t\t\t<\/div>\n\t\t\t\t<\/div>\n\t\t\t\t\t<\/div>\n\t\t\t\t<\/div>\n\t\t<div class=\"elementor-element elementor-element-1cf697df e-flex e-con-boxed e-con e-parent\" data-id=\"1cf697df\" data-element_type=\"container\">\n\t\t\t\t\t<div class=\"e-con-inner\">\n\t\t\t\t<div class=\"elementor-element elementor-element-543bbd55 elementor-widget elementor-widget-text-editor\" data-id=\"543bbd55\" data-element_type=\"widget\" data-widget_type=\"text-editor.default\">\n\t\t\t\t<div class=\"elementor-widget-container\">\n\t\t\t\t\t\t\t\t\t\n<h2 class=\"wp-block-heading\">Quem Somos<\/h2>\n<p>O endere\u00e7o do nosso site \u00e9: https:\/\/cataluma.com.br<\/p>\n<hr \/>\n<h2>Coment\u00e1rios<\/h2>\n<p>Quando os visitantes deixam coment\u00e1rios no site, coletamos os dados exibidos no formul\u00e1rio de coment\u00e1rios, o endere\u00e7o de IP e informa\u00e7\u00f5es sobre o navegador, para auxiliar na detec\u00e7\u00e3o de spam.<\/p>\n<p>Uma sequ\u00eancia anonimizada de caracteres gerada a partir do seu e-mail (hash) pode ser enviada ao servi\u00e7o Gravatar para verificar se voc\u00ea o utiliza. A pol\u00edtica de privacidade do Gravatar est\u00e1 dispon\u00edvel em https:\/\/automattic.com\/privacy\/. Ap\u00f3s a aprova\u00e7\u00e3o do seu coment\u00e1rio, a foto do seu perfil fica vis\u00edvel publicamente junto ao coment\u00e1rio.<\/p>\n<hr \/>\n<h2>M\u00eddia<\/h2>\n<p>Se voc\u00ea enviar imagens para o site, evite incluir dados de localiza\u00e7\u00e3o incorporados (EXIF GPS). Outros visitantes podem baixar as imagens e extrair esses dados.<\/p>\n<hr \/>\n<h2>Cookies<\/h2>\n<ul>\n<li><strong>Coment\u00e1rios:<\/strong> Ao deixar um coment\u00e1rio, voc\u00ea pode optar por salvar seu nome, e-mail e site nos cookies, para maior comodidade em visitas futuras. Esses cookies duram um ano.<\/li>\n<li><strong>Acesso ao site:<\/strong> Se voc\u00ea possui uma conta e acessa o site, criamos cookies tempor\u00e1rios para verificar se seu navegador aceita cookies. Eles n\u00e3o cont\u00eam dados pessoais e s\u00e3o descartados ao fechar o navegador.<\/li>\n<li><strong>Login:<\/strong> Cookies de login duram dois dias, e os de configura\u00e7\u00f5es de tela, um ano. Se optar por &#8220;Lembrar-me&#8221;, seu acesso ser\u00e1 mantido por duas semanas. Ao sair da conta, os cookies de login s\u00e3o removidos.<\/li>\n<li><strong>Edi\u00e7\u00e3o de artigos:<\/strong> Cookies adicionais podem ser criados ao editar ou publicar artigos, indicando o ID do post. Esses cookies expiram em um dia.<\/li>\n<\/ul>\n<hr \/>\n<h2>M\u00eddia Incorporada de Outros Sites<\/h2>\n<p>Artigos neste site podem incluir v\u00eddeos, imagens ou outros conte\u00fados de terceiros. Esses conte\u00fados se comportam como se voc\u00ea estivesse visitando o site original, podendo coletar dados, usar cookies ou monitorar sua intera\u00e7\u00e3o, especialmente se voc\u00ea estiver conectado a esse site de origem.<\/p>\n<hr \/>\n<h2>Com Quem Compartilhamos Seus Dados<\/h2>\n<p>Caso solicite a redefini\u00e7\u00e3o de senha, o endere\u00e7o de IP ser\u00e1 inclu\u00eddo no e-mail enviado para esse prop\u00f3sito.<\/p>\n<hr \/>\n<h2>Por Quanto Tempo Mantemos Seus Dados<\/h2>\n<ul>\n<li><strong>Coment\u00e1rios:<\/strong> S\u00e3o mantidos indefinidamente, junto com seus metadados, para facilitar a aprova\u00e7\u00e3o de coment\u00e1rios futuros.<\/li>\n<li><strong>Contas de usu\u00e1rio:<\/strong> Informa\u00e7\u00f5es fornecidas pelos usu\u00e1rios registrados tamb\u00e9m s\u00e3o armazenadas. Esses dados podem ser visualizados, editados ou exclu\u00eddos a qualquer momento (exceto o nome de usu\u00e1rio). Administradores do site t\u00eam acesso a essas informa\u00e7\u00f5es para edi\u00e7\u00e3o ou suporte.<\/li>\n<\/ul>\n<hr \/>\n<h2>Seus Direitos Sobre Seus Dados<\/h2>\n<p>Voc\u00ea pode solicitar um arquivo com os dados pessoais que mantemos sobre voc\u00ea, incluindo informa\u00e7\u00f5es fornecidas por voc\u00ea. Tamb\u00e9m pode solicitar a exclus\u00e3o de seus dados pessoais, exceto aqueles necess\u00e1rios para fins legais, administrativos ou de seguran\u00e7a.<\/p>\n<hr \/>\n<h2>Para Onde Seus Dados S\u00e3o Enviados<\/h2>\n<p>Coment\u00e1rios de visitantes podem ser verificados por um servi\u00e7o automatizado de detec\u00e7\u00e3o de spam.<\/p>\t\t\t\t\t\t\t\t<\/div>\n\t\t\t\t<\/div>\n\t\t\t\t\t<\/div>\n\t\t\t\t<\/div>\n\t\t<div class=\"elementor-element elementor-element-bb75608 e-flex e-con-boxed e-con e-parent\" data-id=\"bb75608\" data-element_type=\"container\" data-settings=\"{&quot;background_background&quot;:&quot;classic&quot;}\">\n\t\t\t\t\t<div class=\"e-con-inner\">\n\t\t<div class=\"elementor-element elementor-element-95f3c21 e-con-full e-flex e-con e-child\" data-id=\"95f3c21\" data-element_type=\"container\">\n\t\t\t\t<div class=\"elementor-element elementor-element-6143989 elementor-widget elementor-widget-heading\" data-id=\"6143989\" data-element_type=\"widget\" data-widget_type=\"heading.default\">\n\t\t\t\t<div class=\"elementor-widget-container\">\n\t\t\t\t\t<h2 class=\"elementor-heading-title elementor-size-default\">Fale conosco<\/h2>\t\t\t\t<\/div>\n\t\t\t\t<\/div>\n\t\t\t\t<\/div>\n\t\t<div class=\"elementor-element elementor-element-c33ac46 e-con-full e-flex e-con e-child\" data-id=\"c33ac46\" data-element_type=\"container\">\n\t\t<div class=\"elementor-element elementor-element-67fe638 e-con-full e-flex elementor-invisible e-con e-child\" data-id=\"67fe638\" data-element_type=\"container\" data-settings=\"{&quot;animation&quot;:&quot;fadeInRight&quot;,&quot;animation_mobile&quot;:&quot;none&quot;}\">\n\t\t<div class=\"elementor-element elementor-element-cb1894d e-con-full e-flex e-con e-child\" data-id=\"cb1894d\" data-element_type=\"container\">\n\t\t\t\t<div class=\"elementor-element elementor-element-5464b9f elementor-widget elementor-widget-heading\" data-id=\"5464b9f\" data-element_type=\"widget\" data-widget_type=\"heading.default\">\n\t\t\t\t<div class=\"elementor-widget-container\">\n\t\t\t\t\t<h2 class=\"elementor-heading-title elementor-size-default\">Envie-nos uma mensagem<\/h2>\t\t\t\t<\/div>\n\t\t\t\t<\/div>\n\t\t\t\t<\/div>\n\t\t\t\t<div class=\"elementor-element elementor-element-2234ad7 elementor-button-align-stretch elementor-widget elementor-widget-form\" data-id=\"2234ad7\" data-element_type=\"widget\" data-settings=\"{&quot;step_next_label&quot;:&quot;Next&quot;,&quot;step_previous_label&quot;:&quot;Previous&quot;,&quot;button_width&quot;:&quot;100&quot;,&quot;step_type&quot;:&quot;number_text&quot;,&quot;step_icon_shape&quot;:&quot;circle&quot;}\" data-widget_type=\"form.default\">\n\t\t\t\t<div class=\"elementor-widget-container\">\n\t\t\t\t\t\t\t<form class=\"elementor-form\" method=\"post\" id=\"contato_form\" name=\"contato\">\n\t\t\t<input type=\"hidden\" name=\"post_id\" value=\"3\"\/>\n\t\t\t<input type=\"hidden\" name=\"form_id\" value=\"2234ad7\"\/>\n\t\t\t<input type=\"hidden\" name=\"referer_title\" value=\"Pol\u00edtica de privacidade - Cataluma Montagem e Manuten\u00e7\u00e3o Industrial\" \/>\n\n\t\t\t\t\t\t\t<input type=\"hidden\" name=\"queried_id\" value=\"3\"\/>\n\t\t\t\n\t\t\t<div class=\"elementor-form-fields-wrapper elementor-labels-\">\n\t\t\t\t\t\t\t\t<div class=\"elementor-field-type-text elementor-field-group elementor-column elementor-field-group-name elementor-col-100\">\n\t\t\t\t\t\t\t\t\t\t\t\t<label for=\"form-field-name\" class=\"elementor-field-label elementor-screen-only\">\n\t\t\t\t\t\t\t\tName\t\t\t\t\t\t\t<\/label>\n\t\t\t\t\t\t\t\t\t\t\t\t\t\t<input size=\"1\" type=\"text\" name=\"form_fields[name]\" id=\"form-field-name\" class=\"elementor-field elementor-size-sm  elementor-field-textual\" placeholder=\"Nome \/ Organiza\u00e7\u00e3o\">\n\t\t\t\t\t\t\t\t\t\t\t<\/div>\n\t\t\t\t\t\t\t\t<div class=\"elementor-field-type-email elementor-field-group elementor-column elementor-field-group-email elementor-col-100 elementor-field-required\">\n\t\t\t\t\t\t\t\t\t\t\t\t<label for=\"form-field-email\" class=\"elementor-field-label elementor-screen-only\">\n\t\t\t\t\t\t\t\tEmail\t\t\t\t\t\t\t<\/label>\n\t\t\t\t\t\t\t\t\t\t\t\t\t\t<input size=\"1\" type=\"email\" name=\"form_fields[email]\" id=\"form-field-email\" class=\"elementor-field elementor-size-sm  elementor-field-textual\" placeholder=\"Email\" required=\"required\" aria-required=\"true\">\n\t\t\t\t\t\t\t\t\t\t\t<\/div>\n\t\t\t\t\t\t\t\t<div class=\"elementor-field-type-textarea elementor-field-group elementor-column elementor-field-group-message elementor-col-100\">\n\t\t\t\t\t\t\t\t\t\t\t\t<label for=\"form-field-message\" class=\"elementor-field-label elementor-screen-only\">\n\t\t\t\t\t\t\t\tMessage\t\t\t\t\t\t\t<\/label>\n\t\t\t\t\t\t<textarea class=\"elementor-field-textual elementor-field  elementor-size-sm\" name=\"form_fields[message]\" id=\"form-field-message\" rows=\"4\" placeholder=\"Como podemos te ajudar?\"><\/textarea>\t\t\t\t<\/div>\n\t\t\t\t\t\t\t\t<div class=\"elementor-field-group elementor-column elementor-field-type-submit elementor-col-100 e-form__buttons\">\n\t\t\t\t\t<button class=\"elementor-button elementor-size-sm\" type=\"submit\">\n\t\t\t\t\t\t<span class=\"elementor-button-content-wrapper\">\n\t\t\t\t\t\t\t\t\t\t\t\t\t\t\t\t\t\t\t\t\t\t<span class=\"elementor-button-text\">Enviar<\/span>\n\t\t\t\t\t\t\t\t\t\t\t\t\t<\/span>\n\t\t\t\t\t<\/button>\n\t\t\t\t<\/div>\n\t\t\t<\/div>\n\t\t<\/form>\n\t\t\t\t\t\t<\/div>\n\t\t\t\t<\/div>\n\t\t\t\t<\/div>\n\t\t<div class=\"elementor-element elementor-element-980447d e-con-full e-flex elementor-invisible e-con e-child\" data-id=\"980447d\" data-element_type=\"container\" data-settings=\"{&quot;animation&quot;:&quot;fadeInLeft&quot;,&quot;animation_mobile&quot;:&quot;none&quot;}\">\n\t\t\t\t<div class=\"elementor-element elementor-element-c3e8fef elementor-widget elementor-widget-heading\" data-id=\"c3e8fef\" data-element_type=\"widget\" data-widget_type=\"heading.default\">\n\t\t\t\t<div class=\"elementor-widget-container\">\n\t\t\t\t\t<h4 class=\"elementor-heading-title elementor-size-default\">Com a Cataluma, os clientes t\u00eam \u00e0 disposi\u00e7\u00e3o uma solu\u00e7\u00e3o completa para cada necessidade.<\/h4>\t\t\t\t<\/div>\n\t\t\t\t<\/div>\n\t\t\t\t<\/div>\n\t\t\t\t<\/div>\n\t\t\t\t\t<\/div>\n\t\t\t\t<\/div>\n\t\t\t\t<\/div>\n\t\t","protected":false},"excerpt":{"rendered":"<p>Pol\u00edtica de privacidade Quem Somos O endere\u00e7o do nosso site \u00e9: https:\/\/cataluma.com.br Coment\u00e1rios Quando os visitantes deixam coment\u00e1rios no site, coletamos os dados exibidos no formul\u00e1rio de coment\u00e1rios, o endere\u00e7o de IP e informa\u00e7\u00f5es sobre o navegador, para auxiliar na detec\u00e7\u00e3o de spam. Uma sequ\u00eancia anonimizada de caracteres gerada a partir do seu e-mail (hash) [&hellip;]<\/p>\n","protected":false},"author":1,"featured_media":0,"parent":0,"menu_order":0,"comment_status":"closed","ping_status":"closed","template":"","meta":{"footnotes":""},"class_list":["post-3","page","type-page","status-publish","hentry"],"yoast_head":"<!-- This site is optimized with the Yoast SEO plugin v24.1 - https:\/\/yoast.com\/wordpress\/plugins\/seo\/ -->\n<title>Pol\u00edtica de privacidade - Cataluma Montagem e Manuten\u00e7\u00e3o Industrial<\/title>\n<meta name=\"robots\" content=\"index, follow, max-snippet:-1, max-image-preview:large, max-video-preview:-1\" \/>\n<link rel=\"canonical\" href=\"https:\/\/cataluma.com.br\/?page_id=3\" \/>\n<meta property=\"og:locale\" content=\"en_US\" \/>\n<meta property=\"og:type\" content=\"article\" \/>\n<meta property=\"og:title\" content=\"Pol\u00edtica de privacidade - Cataluma Montagem e Manuten\u00e7\u00e3o Industrial\" \/>\n<meta property=\"og:description\" content=\"Pol\u00edtica de privacidade Quem Somos O endere\u00e7o do nosso site \u00e9: https:\/\/cataluma.com.br Coment\u00e1rios Quando os visitantes deixam coment\u00e1rios no site, coletamos os dados exibidos no formul\u00e1rio de coment\u00e1rios, o endere\u00e7o de IP e informa\u00e7\u00f5es sobre o navegador, para auxiliar na detec\u00e7\u00e3o de spam. Uma sequ\u00eancia anonimizada de caracteres gerada a partir do seu e-mail (hash) [&hellip;]\" \/>\n<meta property=\"og:url\" content=\"https:\/\/cataluma.com.br\/?page_id=3\" \/>\n<meta property=\"og:site_name\" content=\"Cataluma Montagem e Manuten\u00e7\u00e3o Industrial\" \/>\n<meta property=\"article:modified_time\" content=\"2025-01-08T13:47:24+00:00\" \/>\n<meta name=\"twitter:card\" content=\"summary_large_image\" \/>\n<meta name=\"twitter:label1\" content=\"Est. reading time\" \/>\n\t<meta name=\"twitter:data1\" content=\"3 minutes\" \/>\n<script type=\"application\/ld+json\" class=\"yoast-schema-graph\">{\"@context\":\"https:\/\/schema.org\",\"@graph\":[{\"@type\":\"WebPage\",\"@id\":\"https:\/\/cataluma.com.br\/?page_id=3\",\"url\":\"https:\/\/cataluma.com.br\/?page_id=3\",\"name\":\"Pol\u00edtica de privacidade - Cataluma Montagem e Manuten\u00e7\u00e3o Industrial\",\"isPartOf\":{\"@id\":\"https:\/\/cataluma.com.br\/#website\"},\"datePublished\":\"2025-01-03T17:51:14+00:00\",\"dateModified\":\"2025-01-08T13:47:24+00:00\",\"breadcrumb\":{\"@id\":\"https:\/\/cataluma.com.br\/?page_id=3#breadcrumb\"},\"inLanguage\":\"en-US\",\"potentialAction\":[{\"@type\":\"ReadAction\",\"target\":[\"https:\/\/cataluma.com.br\/?page_id=3\"]}]},{\"@type\":\"BreadcrumbList\",\"@id\":\"https:\/\/cataluma.com.br\/?page_id=3#breadcrumb\",\"itemListElement\":[{\"@type\":\"ListItem\",\"position\":1,\"name\":\"In\u00edcio\",\"item\":\"https:\/\/cataluma.com.br\/\"},{\"@type\":\"ListItem\",\"position\":2,\"name\":\"Pol\u00edtica de privacidade\"}]},{\"@type\":\"WebSite\",\"@id\":\"https:\/\/cataluma.com.br\/#website\",\"url\":\"https:\/\/cataluma.com.br\/\",\"name\":\"Cataluma Montagem e Manuten\u00e7\u00e3o Industrial\",\"description\":\"\",\"publisher\":{\"@id\":\"https:\/\/cataluma.com.br\/#organization\"},\"potentialAction\":[{\"@type\":\"SearchAction\",\"target\":{\"@type\":\"EntryPoint\",\"urlTemplate\":\"https:\/\/cataluma.com.br\/?s={search_term_string}\"},\"query-input\":{\"@type\":\"PropertyValueSpecification\",\"valueRequired\":true,\"valueName\":\"search_term_string\"}}],\"inLanguage\":\"en-US\"},{\"@type\":\"Organization\",\"@id\":\"https:\/\/cataluma.com.br\/#organization\",\"name\":\"Cataluma Montagem e Manuten\u00e7\u00e3o Industrial\",\"url\":\"https:\/\/cataluma.com.br\/\",\"logo\":{\"@type\":\"ImageObject\",\"inLanguage\":\"en-US\",\"@id\":\"https:\/\/cataluma.com.br\/#\/schema\/logo\/image\/\",\"url\":\"https:\/\/cataluma.com.br\/wp-content\/uploads\/2025\/01\/logo_-_Cataluma_HORIZONTAL_AZUL.png\",\"contentUrl\":\"https:\/\/cataluma.com.br\/wp-content\/uploads\/2025\/01\/logo_-_Cataluma_HORIZONTAL_AZUL.png\",\"width\":4880,\"height\":1198,\"caption\":\"Cataluma Montagem e Manuten\u00e7\u00e3o Industrial\"},\"image\":{\"@id\":\"https:\/\/cataluma.com.br\/#\/schema\/logo\/image\/\"}}]}<\/script>\n<!-- \/ Yoast SEO plugin. -->","yoast_head_json":{"title":"Pol\u00edtica de privacidade - Cataluma Montagem e Manuten\u00e7\u00e3o Industrial","robots":{"index":"index","follow":"follow","max-snippet":"max-snippet:-1","max-image-preview":"max-image-preview:large","max-video-preview":"max-video-preview:-1"},"canonical":"https:\/\/cataluma.com.br\/?page_id=3","og_locale":"en_US","og_type":"article","og_title":"Pol\u00edtica de privacidade - Cataluma Montagem e Manuten\u00e7\u00e3o Industrial","og_description":"Pol\u00edtica de privacidade Quem Somos O endere\u00e7o do nosso site \u00e9: https:\/\/cataluma.com.br Coment\u00e1rios Quando os visitantes deixam coment\u00e1rios no site, coletamos os dados exibidos no formul\u00e1rio de coment\u00e1rios, o endere\u00e7o de IP e informa\u00e7\u00f5es sobre o navegador, para auxiliar na detec\u00e7\u00e3o de spam. Uma sequ\u00eancia anonimizada de caracteres gerada a partir do seu e-mail (hash) [&hellip;]","og_url":"https:\/\/cataluma.com.br\/?page_id=3","og_site_name":"Cataluma Montagem e Manuten\u00e7\u00e3o Industrial","article_modified_time":"2025-01-08T13:47:24+00:00","twitter_card":"summary_large_image","twitter_misc":{"Est. reading time":"3 minutes"},"schema":{"@context":"https:\/\/schema.org","@graph":[{"@type":"WebPage","@id":"https:\/\/cataluma.com.br\/?page_id=3","url":"https:\/\/cataluma.com.br\/?page_id=3","name":"Pol\u00edtica de privacidade - Cataluma Montagem e Manuten\u00e7\u00e3o Industrial","isPartOf":{"@id":"https:\/\/cataluma.com.br\/#website"},"datePublished":"2025-01-03T17:51:14+00:00","dateModified":"2025-01-08T13:47:24+00:00","breadcrumb":{"@id":"https:\/\/cataluma.com.br\/?page_id=3#breadcrumb"},"inLanguage":"en-US","potentialAction":[{"@type":"ReadAction","target":["https:\/\/cataluma.com.br\/?page_id=3"]}]},{"@type":"BreadcrumbList","@id":"https:\/\/cataluma.com.br\/?page_id=3#breadcrumb","itemListElement":[{"@type":"ListItem","position":1,"name":"In\u00edcio","item":"https:\/\/cataluma.com.br\/"},{"@type":"ListItem","position":2,"name":"Pol\u00edtica de privacidade"}]},{"@type":"WebSite","@id":"https:\/\/cataluma.com.br\/#website","url":"https:\/\/cataluma.com.br\/","name":"Cataluma Montagem e Manuten\u00e7\u00e3o Industrial","description":"","publisher":{"@id":"https:\/\/cataluma.com.br\/#organization"},"potentialAction":[{"@type":"SearchAction","target":{"@type":"EntryPoint","urlTemplate":"https:\/\/cataluma.com.br\/?s={search_term_string}"},"query-input":{"@type":"PropertyValueSpecification","valueRequired":true,"valueName":"search_term_string"}}],"inLanguage":"en-US"},{"@type":"Organization","@id":"https:\/\/cataluma.com.br\/#organization","name":"Cataluma Montagem e Manuten\u00e7\u00e3o Industrial","url":"https:\/\/cataluma.com.br\/","logo":{"@type":"ImageObject","inLanguage":"en-US","@id":"https:\/\/cataluma.com.br\/#\/schema\/logo\/image\/","url":"https:\/\/cataluma.com.br\/wp-content\/uploads\/2025\/01\/logo_-_Cataluma_HORIZONTAL_AZUL.png","contentUrl":"https:\/\/cataluma.com.br\/wp-content\/uploads\/2025\/01\/logo_-_Cataluma_HORIZONTAL_AZUL.png","width":4880,"height":1198,"caption":"Cataluma Montagem e Manuten\u00e7\u00e3o Industrial"},"image":{"@id":"https:\/\/cataluma.com.br\/#\/schema\/logo\/image\/"}}]}},"_links":{"self":[{"href":"https:\/\/cataluma.com.br\/index.php?rest_route=\/wp\/v2\/pages\/3","targetHints":{"allow":["GET"]}}],"collection":[{"href":"https:\/\/cataluma.com.br\/index.php?rest_route=\/wp\/v2\/pages"}],"about":[{"href":"https:\/\/cataluma.com.br\/index.php?rest_route=\/wp\/v2\/types\/page"}],"author":[{"embeddable":true,"href":"https:\/\/cataluma.com.br\/index.php?rest_route=\/wp\/v2\/users\/1"}],"replies":[{"embeddable":true,"href":"https:\/\/cataluma.com.br\/index.php?rest_route=%2Fwp%2Fv2%2Fcomments&post=3"}],"version-history":[{"count":33,"href":"https:\/\/cataluma.com.br\/index.php?rest_route=\/wp\/v2\/pages\/3\/revisions"}],"predecessor-version":[{"id":308,"href":"https:\/\/cataluma.com.br\/index.php?rest_route=\/wp\/v2\/pages\/3\/revisions\/308"}],"wp:attachment":[{"href":"https:\/\/cataluma.com.br\/index.php?rest_route=%2Fwp%2Fv2%2Fmedia&parent=3"}],"curies":[{"name":"wp","href":"https:\/\/api.w.org\/{rel}","templated":true}]}}